{"id":695,"date":"2026-03-26T22:43:52","date_gmt":"2026-03-26T22:43:52","guid":{"rendered":"https:\/\/donpelayopacificbeach.com\/en\/?page_id=695"},"modified":"2026-05-07T23:16:34","modified_gmt":"2026-05-07T23:16:34","slug":"ubication","status":"publish","type":"page","link":"https:\/\/donpelayopacificbeach.com\/en\/ubication\/","title":{"rendered":"Ubication"},"content":{"rendered":"<div class=\"et_pb_section_0 et_pb_section et_section_regular et_flex_section\">\n<div class=\"et_pb_row_0 et_pb_row et_flex_row\">\n<div class=\"et_pb_column_0 et_pb_column et-last-child et_flex_column et_pb_css_mix_blend_mode_passthrough et_flex_column_24_24 et_flex_column_24_24_tablet et_flex_column_24_24_phone\">\n<div class=\"et_pb_slider_0 et_pb_slider et_pb_slider_fullwidth_off et_pb_slider_no_pagination et_pb_module et_flex_module\"><div class=\"et_pb_slides\">\n<div class=\"et_pb_slide_0 et_pb_slide et_pb_media_alignment_center et_pb_bg_layout_dark\" data-slide-id=\"divi\/slide-0\"><div class=\"et_pb_container\"><div class=\"et_pb_slider_container_inner\"><div class=\"et_pb_slide_description et_flex_module\"><h1 class=\"et_pb_slide_title\">Ubication<\/h1><\/div><\/div><\/div><\/div>\n<\/div><\/div>\n<\/div>\n<\/div>\n<\/div>\n\n<div class=\"et_pb_section_1 et_pb_section et_section_regular et_flex_section\">\n<div class=\"et_pb_row_1 et_pb_row et_flex_row\">\n<div class=\"et_pb_column_1 et_pb_column et-last-child et_flex_column et_pb_css_mix_blend_mode_passthrough et_flex_column_24_24 et_flex_column_24_24_tablet et_flex_column_24_24_phone\">\n<div class=\"et_pb_text_0 et_pb_text et_pb_bg_layout_light et_pb_module et_flex_module\"><div class=\"et_pb_text_inner\"><p>HOW TO GET THERE<\/p>\n<\/div><\/div>\n\n<div class=\"et_pb_text_1 et_pb_text et_pb_bg_layout_light et_pb_module et_flex_module\"><div class=\"et_pb_text_inner\"><h2>Hotel on the Mazatl\u00e1n boardwalk<\/h2>\n<\/div><\/div>\n\n<div class=\"et_pb_text_2 et_pb_text et_pb_bg_layout_light et_pb_module et_flex_module\"><div class=\"et_pb_text_inner\"><p><span>Located beachfront in one of the most visited areas of Mazatl\u00e1n, just minutes from the boardwalk, restaurants, and local attractions.<\/span><\/p>\n<\/div><\/div>\n<\/div>\n<\/div>\n<\/div>\n\n<div class=\"et_pb_section_2 et_pb_section et_section_regular et_flex_section\">\n<div class=\"et_pb_row_2 et_pb_row et_flex_row\">\n<div class=\"et_pb_column_2 et_pb_column et_flex_column et_pb_css_mix_blend_mode_passthrough et_flex_column_6_24 et_flex_column_2_5_tablet et_flex_column_24_24_phone\">\n<div class=\"et_pb_text_3 et_pb_text et_pb_bg_layout_dark et_pb_module et_flex_module\"><div class=\"et_pb_text_inner\"><h3>Don Pelayo Pacific Beach<\/h3>\n<p>Av. del Mar 1111, between Rafael Buelna Avenue and Insurgentes Avenue, Flamingos, 82030 Mazatl\u00e1n, Sinaloa, Mexico.<\/p>\n<\/div><\/div>\n<\/div>\n\n<div class=\"et_pb_column_3 et_pb_column et-last-child et_flex_column et_pb_css_mix_blend_mode_passthrough et_flex_column_18_24 et_flex_column_3_5_tablet et_flex_column_24_24_phone\">\n<div class=\"et_pb_code_0 et_pb_code et_pb_text_align_left et_pb_module\"><div class=\"et_pb_code_inner\"><div class=\"mapa-container\" onclick=\"abrirMapa()\">\n\n    <!-- imagen mapa -->\n    <img decoding=\"async\" src=\"https:\/\/donpelayopacificbeach.com\/en\/wp-content\/uploads\/sites\/3\/2026\/03\/mapa.webp\" class=\"mapa-img\" id=\"imagenMapa\" alt=\"Mapa Hotel Don Pelayo\">\n\n    <!-- punto -->\n    <div class=\"punto\" style=\"top:40%; left:47%;\">\n        <img decoding=\"async\" src=\"https:\/\/donpelayopacificbeach.com\/en\/wp-content\/uploads\/sites\/3\/2026\/03\/pin-map.webp\" alt=\"Ubicaci\u00f3n Don Pelayo\">\n      \n      <img decoding=\"async\" style=\"width:100px;\" src=\"https:\/\/donpelayopacificbeach.com\/en\/wp-content\/uploads\/sites\/3\/2026\/03\/logo.webp\" alt=\"Logo Don Pelayo\">\n          <!-- <span>Hotel Don Pelayo Pacific Beach<\/span>-->\n    <\/div> \n\n    <!-- iframe google maps -->\n    <iframe\n        id=\"googleMapa\"\n        class=\"mapa-iframe\"\n        src=\"https:\/\/www.google.com\/maps?q=Don+Pelayo+Pacific+Beach+Mazatlan&output=embed\"\n        loading=\"lazy\">\n    <\/iframe>\n\n<\/div><\/div><\/div>\n<\/div>\n<\/div>\n<\/div>\n\n<div class=\"et_pb_section_3 et_pb_section et_section_regular et_flex_section\">\n<div class=\"et_pb_row_3 et_pb_row et_flex_row\">\n<div class=\"et_pb_column_4 et_pb_column et-last-child et_grid_column et_pb_css_mix_blend_mode_passthrough et_flex_column_24_24 et_flex_column_24_24_tablet et_flex_column_24_24_phone\">\n<div class=\"et_pb_text_4 et_pb_text et_pb_bg_layout_light et_pb_module et_flex_module\"><div class=\"et_pb_text_inner\"><h2 class=\"font-serif text-2xl font-bold text-azul-profundo md:text-3xl\">Contact Information<\/h2>\n<\/div><\/div>\n\n<div class=\"et_pb_text_5 et_pb_text et_pb_bg_layout_light et_pb_module et_flex_module\"><div class=\"et_pb_text_inner\"><p><span>You can also contact us directly through any of these channels.<\/span><\/p>\n<\/div><\/div>\n<\/div>\n<\/div>\n<\/div>\n\n<div class=\"et_pb_section_4 et_pb_section et_section_regular et_flex_section\">\n<div class=\"et_pb_row_4 et_pb_row et_flex_row\">\n<div class=\"et_pb_column_5 et_pb_column et_flex_column et_pb_css_mix_blend_mode_passthrough et_flex_column_12_24 et_flex_column_12_24_tablet et_flex_column_24_24_phone\">\n<div class=\"et_pb_blurb_0 et_pb_blurb et_pb_bg_layout_light et_pb_blurb_position_left et_pb_module et_flex_module\"><div class=\"et_pb_blurb_content et_flex_module\"><div class=\"et_pb_main_blurb_image\"><span class=\"et_pb_image_wrap\"><span class=\"et-pb-icon et-waypoint et_pb_animation_top et_pb_animation_top_tablet et_pb_animation_top_phone\">\uf879<\/span><\/span><\/div><div class=\"et_pb_blurb_container\"><h3 class=\"et_pb_module_header\">Phones<\/h3><div class=\"et_pb_blurb_description\"><p>01 (669) 9831888 \/ 9831866 9832233<br \/>\n9831977<\/p>\n<\/div><\/div><\/div><\/div>\n<\/div>\n\n<div class=\"et_pb_column_6 et_pb_column et-last-child et_flex_column et_pb_css_mix_blend_mode_passthrough et_flex_column_12_24 et_flex_column_12_24_tablet et_flex_column_24_24_phone\">\n<div class=\"et_pb_blurb_1 et_pb_blurb et_pb_bg_layout_light et_pb_blurb_position_left et_pb_module et_flex_module\"><div class=\"et_pb_blurb_content et_flex_module\"><div class=\"et_pb_main_blurb_image\"><span class=\"et_pb_image_wrap\"><span class=\"et-pb-icon et-waypoint et_pb_animation_top et_pb_animation_top_tablet et_pb_animation_top_phone\">\ue010<\/span><\/span><\/div><div class=\"et_pb_blurb_container\"><h3 class=\"et_pb_module_header\">Email<\/h3><div class=\"et_pb_blurb_description\"><p><strong>Sales and Marketing Department<\/strong><br \/>\n<img loading=\"lazy\" decoding=\"async\" src=\"https:\/\/donpelayopacificbeach.com\/en\/wp-content\/uploads\/sites\/3\/2026\/03\/email-royal.png\" width=\"234\" height=\"25\" alt=\"\" class=\"wp-image-589 alignnone size-full\" \/><\/p>\n<p><strong>Corporate Sales Manager<\/strong><strong><img loading=\"lazy\" decoding=\"async\" src=\"https:\/\/donpelayopacificbeach.com\/en\/wp-content\/uploads\/sites\/3\/2026\/03\/email-pelayo-300x18.png\" width=\"300\" height=\"18\" alt=\"\" class=\"wp-image-590 alignnone size-medium\" srcset=\"https:\/\/donpelayopacificbeach.com\/en\/wp-content\/uploads\/sites\/3\/2026\/03\/email-pelayo-300x18.png 300w, https:\/\/donpelayopacificbeach.com\/en\/wp-content\/uploads\/sites\/3\/2026\/03\/email-pelayo.png 350w\" sizes=\"(max-width: 300px) 100vw, 300px\" \/><\/strong><\/p>\n<p><strong>Reservations Manager<\/strong><br \/>\n<strong><img loading=\"lazy\" decoding=\"async\" src=\"https:\/\/donpelayopacificbeach.com\/en\/wp-content\/uploads\/sites\/3\/2026\/03\/email-pelayo-300x18.png\" width=\"300\" height=\"18\" alt=\"\" class=\"wp-image-590 alignnone size-medium\" srcset=\"https:\/\/donpelayopacificbeach.com\/en\/wp-content\/uploads\/sites\/3\/2026\/03\/email-pelayo-300x18.png 300w, https:\/\/donpelayopacificbeach.com\/en\/wp-content\/uploads\/sites\/3\/2026\/03\/email-pelayo.png 350w\" sizes=\"(max-width: 300px) 100vw, 300px\" \/><\/strong><\/p>\n<\/div><\/div><\/div><\/div>\n<\/div>\n<\/div>\n<\/div>","protected":false},"excerpt":{"rendered":"","protected":false},"author":1,"featured_media":771,"parent":0,"menu_order":0,"comment_status":"closed","ping_status":"closed","template":"","meta":{"footnotes":""},"class_list":["post-695","page","type-page","status-publish","has-post-thumbnail","hentry"],"yoast_head":"<!-- This site is optimized with the Yoast SEO plugin v27.1.1 - https:\/\/yoast.com\/product\/yoast-seo-wordpress\/ -->\n<title>Hotel en el malec\u00f3n de Mazatl\u00e1n | Ubicaci\u00f3n Hotel Pelayo<\/title>\n<meta name=\"description\" content=\"Ubicados frente al mar sobre el malec\u00f3n. Entre el centro hist\u00f3rico, la Zona Dorada y las principales atracciones, excelente ubicaci\u00f3n.\" \/>\n<meta name=\"robots\" content=\"index, follow, max-snippet:-1, max-image-preview:large, max-video-preview:-1\" \/>\n<link rel=\"canonical\" href=\"https:\/\/donpelayopacificbeach.com\/en\/ubication\/\" \/>\n<meta property=\"og:locale\" content=\"en_US\" \/>\n<meta property=\"og:type\" content=\"article\" \/>\n<meta property=\"og:title\" content=\"Ubicaci\u00f3n\" \/>\n<meta property=\"og:description\" content=\"Ubicados frente al mar sobre el malec\u00f3n. Entre el centro hist\u00f3rico, la Zona Dorada y las principales atracciones, excelente ubicaci\u00f3n.\" \/>\n<meta property=\"og:url\" content=\"https:\/\/donpelayopacificbeach.com\/en\/ubication\/\" \/>\n<meta property=\"og:site_name\" content=\"Don Pelayo Pacific Beach English\" \/>\n<meta property=\"article:modified_time\" content=\"2026-05-07T23:16:34+00:00\" \/>\n<meta property=\"og:image\" content=\"https:\/\/donpelayopacificbeach.com\/en\/wp-content\/uploads\/sites\/3\/2026\/03\/alberca-don-pelayo.webp\" \/>\n\t<meta property=\"og:image:width\" content=\"1200\" \/>\n\t<meta property=\"og:image:height\" content=\"800\" \/>\n\t<meta property=\"og:image:type\" content=\"image\/webp\" \/>\n<meta name=\"twitter:card\" content=\"summary_large_image\" \/>\n<meta name=\"twitter:label1\" content=\"Est. reading time\" \/>\n\t<meta name=\"twitter:data1\" content=\"1 minute\" \/>\n<script type=\"application\/ld+json\" class=\"yoast-schema-graph\">{\"@context\":\"https:\/\/schema.org\",\"@graph\":[{\"@type\":\"WebPage\",\"@id\":\"https:\/\/donpelayopacificbeach.com\/en\/ubication\/\",\"url\":\"https:\/\/donpelayopacificbeach.com\/en\/ubication\/\",\"name\":\"Hotel en el malec\u00f3n de Mazatl\u00e1n | Ubicaci\u00f3n Hotel Pelayo\",\"isPartOf\":{\"@id\":\"https:\/\/donpelayopacificbeach.com\/en\/#website\"},\"primaryImageOfPage\":{\"@id\":\"https:\/\/donpelayopacificbeach.com\/en\/ubication\/#primaryimage\"},\"image\":{\"@id\":\"https:\/\/donpelayopacificbeach.com\/en\/ubication\/#primaryimage\"},\"thumbnailUrl\":\"https:\/\/donpelayopacificbeach.com\/en\/wp-content\/uploads\/sites\/3\/2026\/03\/alberca-don-pelayo.webp\",\"datePublished\":\"2026-03-26T22:43:52+00:00\",\"dateModified\":\"2026-05-07T23:16:34+00:00\",\"description\":\"Ubicados frente al mar sobre el malec\u00f3n. Entre el centro hist\u00f3rico, la Zona Dorada y las principales atracciones, excelente ubicaci\u00f3n.\",\"breadcrumb\":{\"@id\":\"https:\/\/donpelayopacificbeach.com\/en\/ubication\/#breadcrumb\"},\"inLanguage\":\"en-US\",\"potentialAction\":[{\"@type\":\"ReadAction\",\"target\":[\"https:\/\/donpelayopacificbeach.com\/en\/ubication\/\"]}]},{\"@type\":\"ImageObject\",\"inLanguage\":\"en-US\",\"@id\":\"https:\/\/donpelayopacificbeach.com\/en\/ubication\/#primaryimage\",\"url\":\"https:\/\/donpelayopacificbeach.com\/en\/wp-content\/uploads\/sites\/3\/2026\/03\/alberca-don-pelayo.webp\",\"contentUrl\":\"https:\/\/donpelayopacificbeach.com\/en\/wp-content\/uploads\/sites\/3\/2026\/03\/alberca-don-pelayo.webp\",\"width\":1200,\"height\":800,\"caption\":\"Alberca hotel familiar frente al Mar Mazatl\u00e1n Don Pelayo\"},{\"@type\":\"BreadcrumbList\",\"@id\":\"https:\/\/donpelayopacificbeach.com\/en\/ubication\/#breadcrumb\",\"itemListElement\":[{\"@type\":\"ListItem\",\"position\":1,\"name\":\"Portada\",\"item\":\"https:\/\/donpelayopacificbeach.com\/en\/\"},{\"@type\":\"ListItem\",\"position\":2,\"name\":\"Ubication\"}]},{\"@type\":\"WebSite\",\"@id\":\"https:\/\/donpelayopacificbeach.com\/en\/#website\",\"url\":\"https:\/\/donpelayopacificbeach.com\/en\/\",\"name\":\"Don Pelayo Pacific Beach English\",\"description\":\"Four-star hotel located beachfront on the famous Mazatl\u00e1n boardwalk, where you can enjoy the freshness of the sea breeze and beautiful panoramic views that will help you relax and forget your daily routine. From your balcony, enjoy your favorite drink and one of the most spectacular sunsets in the world.\",\"potentialAction\":[{\"@type\":\"SearchAction\",\"target\":{\"@type\":\"EntryPoint\",\"urlTemplate\":\"https:\/\/donpelayopacificbeach.com\/en\/?s={search_term_string}\"},\"query-input\":{\"@type\":\"PropertyValueSpecification\",\"valueRequired\":true,\"valueName\":\"search_term_string\"}}],\"inLanguage\":\"en-US\"}]}<\/script>\n<!-- \/ Yoast SEO plugin. -->","yoast_head_json":{"title":"Hotel en el malec\u00f3n de Mazatl\u00e1n | Ubicaci\u00f3n Hotel Pelayo","description":"Ubicados frente al mar sobre el malec\u00f3n. Entre el centro hist\u00f3rico, la Zona Dorada y las principales atracciones, excelente ubicaci\u00f3n.","robots":{"index":"index","follow":"follow","max-snippet":"max-snippet:-1","max-image-preview":"max-image-preview:large","max-video-preview":"max-video-preview:-1"},"canonical":"https:\/\/donpelayopacificbeach.com\/en\/ubication\/","og_locale":"en_US","og_type":"article","og_title":"Ubicaci\u00f3n","og_description":"Ubicados frente al mar sobre el malec\u00f3n. Entre el centro hist\u00f3rico, la Zona Dorada y las principales atracciones, excelente ubicaci\u00f3n.","og_url":"https:\/\/donpelayopacificbeach.com\/en\/ubication\/","og_site_name":"Don Pelayo Pacific Beach English","article_modified_time":"2026-05-07T23:16:34+00:00","og_image":[{"width":1200,"height":800,"url":"https:\/\/donpelayopacificbeach.com\/en\/wp-content\/uploads\/sites\/3\/2026\/03\/alberca-don-pelayo.webp","type":"image\/webp"}],"twitter_card":"summary_large_image","twitter_misc":{"Est. reading time":"1 minute"},"schema":{"@context":"https:\/\/schema.org","@graph":[{"@type":"WebPage","@id":"https:\/\/donpelayopacificbeach.com\/en\/ubication\/","url":"https:\/\/donpelayopacificbeach.com\/en\/ubication\/","name":"Hotel en el malec\u00f3n de Mazatl\u00e1n | Ubicaci\u00f3n Hotel Pelayo","isPartOf":{"@id":"https:\/\/donpelayopacificbeach.com\/en\/#website"},"primaryImageOfPage":{"@id":"https:\/\/donpelayopacificbeach.com\/en\/ubication\/#primaryimage"},"image":{"@id":"https:\/\/donpelayopacificbeach.com\/en\/ubication\/#primaryimage"},"thumbnailUrl":"https:\/\/donpelayopacificbeach.com\/en\/wp-content\/uploads\/sites\/3\/2026\/03\/alberca-don-pelayo.webp","datePublished":"2026-03-26T22:43:52+00:00","dateModified":"2026-05-07T23:16:34+00:00","description":"Ubicados frente al mar sobre el malec\u00f3n. Entre el centro hist\u00f3rico, la Zona Dorada y las principales atracciones, excelente ubicaci\u00f3n.","breadcrumb":{"@id":"https:\/\/donpelayopacificbeach.com\/en\/ubication\/#breadcrumb"},"inLanguage":"en-US","potentialAction":[{"@type":"ReadAction","target":["https:\/\/donpelayopacificbeach.com\/en\/ubication\/"]}]},{"@type":"ImageObject","inLanguage":"en-US","@id":"https:\/\/donpelayopacificbeach.com\/en\/ubication\/#primaryimage","url":"https:\/\/donpelayopacificbeach.com\/en\/wp-content\/uploads\/sites\/3\/2026\/03\/alberca-don-pelayo.webp","contentUrl":"https:\/\/donpelayopacificbeach.com\/en\/wp-content\/uploads\/sites\/3\/2026\/03\/alberca-don-pelayo.webp","width":1200,"height":800,"caption":"Alberca hotel familiar frente al Mar Mazatl\u00e1n Don Pelayo"},{"@type":"BreadcrumbList","@id":"https:\/\/donpelayopacificbeach.com\/en\/ubication\/#breadcrumb","itemListElement":[{"@type":"ListItem","position":1,"name":"Portada","item":"https:\/\/donpelayopacificbeach.com\/en\/"},{"@type":"ListItem","position":2,"name":"Ubication"}]},{"@type":"WebSite","@id":"https:\/\/donpelayopacificbeach.com\/en\/#website","url":"https:\/\/donpelayopacificbeach.com\/en\/","name":"Don Pelayo Pacific Beach English","description":"Four-star hotel located beachfront on the famous Mazatl\u00e1n boardwalk, where you can enjoy the freshness of the sea breeze and beautiful panoramic views that will help you relax and forget your daily routine. From your balcony, enjoy your favorite drink and one of the most spectacular sunsets in the world.","potentialAction":[{"@type":"SearchAction","target":{"@type":"EntryPoint","urlTemplate":"https:\/\/donpelayopacificbeach.com\/en\/?s={search_term_string}"},"query-input":{"@type":"PropertyValueSpecification","valueRequired":true,"valueName":"search_term_string"}}],"inLanguage":"en-US"}]}},"_links":{"self":[{"href":"https:\/\/donpelayopacificbeach.com\/en\/wp-json\/wp\/v2\/pages\/695","targetHints":{"allow":["GET"]}}],"collection":[{"href":"https:\/\/donpelayopacificbeach.com\/en\/wp-json\/wp\/v2\/pages"}],"about":[{"href":"https:\/\/donpelayopacificbeach.com\/en\/wp-json\/wp\/v2\/types\/page"}],"author":[{"embeddable":true,"href":"https:\/\/donpelayopacificbeach.com\/en\/wp-json\/wp\/v2\/users\/1"}],"replies":[{"embeddable":true,"href":"https:\/\/donpelayopacificbeach.com\/en\/wp-json\/wp\/v2\/comments?post=695"}],"version-history":[{"count":9,"href":"https:\/\/donpelayopacificbeach.com\/en\/wp-json\/wp\/v2\/pages\/695\/revisions"}],"predecessor-version":[{"id":981,"href":"https:\/\/donpelayopacificbeach.com\/en\/wp-json\/wp\/v2\/pages\/695\/revisions\/981"}],"wp:featuredmedia":[{"embeddable":true,"href":"https:\/\/donpelayopacificbeach.com\/en\/wp-json\/wp\/v2\/media\/771"}],"wp:attachment":[{"href":"https:\/\/donpelayopacificbeach.com\/en\/wp-json\/wp\/v2\/media?parent=695"}],"curies":[{"name":"wp","href":"https:\/\/api.w.org\/{rel}","templated":true}]}}