{"id":6,"date":"2026-03-04T18:10:46","date_gmt":"2026-03-04T18:10:46","guid":{"rendered":"https:\/\/donpelayopacificbeach.com\/en\/?page_id=6"},"modified":"2026-05-07T23:29:46","modified_gmt":"2026-05-07T23:29:46","slug":"gastronomy","status":"publish","type":"page","link":"https:\/\/donpelayopacificbeach.com\/en\/gastronomy\/","title":{"rendered":"Gastronomy"},"content":{"rendered":"<div class=\"et_pb_section_0 et_pb_section et_section_regular et_flex_section\">\n<div class=\"et_pb_row_0 et_pb_row et_flex_row\">\n<div class=\"et_pb_column_0 et_pb_column et-last-child et_flex_column et_pb_css_mix_blend_mode_passthrough et_flex_column_24_24 et_flex_column_24_24_tablet et_flex_column_24_24_phone\">\n<div class=\"et_pb_slider_0 et_pb_slider et_pb_slider_fullwidth_off et_pb_module et_flex_module\"><div class=\"et_pb_slides\">\n<div class=\"et_pb_slide_0 et_pb_slide et_pb_media_alignment_center et_pb_bg_layout_dark\" data-slide-id=\"divi\/slide-0\"><div class=\"et_pb_container\"><div class=\"et_pb_slider_container_inner\"><div class=\"et_pb_slide_description et_flex_module\"><h1 class=\"et_pb_slide_title\">Gastronomy<\/h1><div class=\"et_pb_slide_content\"><p><span>Flavors of the Mexican Pacific that delight all the senses<\/span><\/p>\n<\/div><\/div><\/div><\/div><\/div>\n<\/div><\/div>\n<\/div>\n<\/div>\n<\/div>\n\n<div class=\"et_pb_section_1 et_pb_section et_section_regular et_flex_section\">\n<div class=\"et_pb_row_1 et_pb_row et_flex_row\">\n<div class=\"et_pb_column_1 et_pb_column et-last-child et_flex_column et_pb_css_mix_blend_mode_passthrough et_flex_column_24_24 et_flex_column_24_24_tablet et_flex_column_24_24_phone\">\n<div class=\"et_pb_text_0 et_pb_text et_pb_bg_layout_light et_pb_module et_flex_module\"><div class=\"et_pb_text_inner\"><p>CULINARY EXPERIENCES<\/p>\n<\/div><\/div>\n\n<div class=\"et_pb_text_1 et_pb_text et_pb_bg_layout_light et_pb_module et_flex_module\"><div class=\"et_pb_text_inner\"><h2>From the Sea to the Table<\/h2>\n<\/div><\/div>\n\n<div class=\"et_pb_text_2 et_pb_text et_pb_bg_layout_light et_pb_module et_flex_module\"><div class=\"et_pb_text_inner\"><p><span>Our culinary concept celebrates the flavors of Sinaloa with fresh ingredients, contemporary techniques, and the warmth of Mexican hospitality. Every dish tells a story of the Pacific.<\/span><\/p>\n<\/div><\/div>\n<\/div>\n<\/div>\n<\/div>\n\n<div class=\"et_pb_section_2 et_pb_section et_section_regular et_flex_section\">\n<div class=\"et_pb_row_2 et_pb_row et_flex_row\">\n<div class=\"et_pb_column_2 et_pb_column et-last-child et_flex_column et_pb_css_mix_blend_mode_passthrough et_flex_column_24_24 et_flex_column_24_24_tablet et_flex_column_24_24_phone\">\n<div class=\"et_pb_row_3 et_pb_row et_pb_row_nested et_flex_row\">\n<div class=\"et_pb_column_3 et_pb_column et_flex_column et_pb_css_mix_blend_mode_passthrough et_flex_column_12_24 et_flex_column_24_24_phone\">\n<div class=\"et_pb_image_0 et_pb_image et_pb_module et_flex_module\"><span class=\"et_pb_image_wrap\"><img loading=\"lazy\" decoding=\"async\" src=\"https:\/\/donpelayopacificbeach.com\/en\/wp-content\/uploads\/sites\/3\/2026\/03\/desayuno-marlin-cafe.webp\" alt=\"Desayuno Restaurante frente al Malec\u00f3n de Mazatl\u00e1n familiar The Marlin Caf\u00e9 Don Pelayo\" title=\"desayuno-marlin-cafe\" width=\"1200\" height=\"800\" srcset=\"https:\/\/donpelayopacificbeach.com\/en\/wp-content\/uploads\/sites\/3\/2026\/03\/desayuno-marlin-cafe.webp 1200w, https:\/\/donpelayopacificbeach.com\/en\/wp-content\/uploads\/sites\/3\/2026\/03\/desayuno-marlin-cafe-980x653.webp 980w, https:\/\/donpelayopacificbeach.com\/en\/wp-content\/uploads\/sites\/3\/2026\/03\/desayuno-marlin-cafe-480x320.webp 480w\" sizes=\"(min-width: 0px) and (max-width: 480px) 480px, (min-width: 481px) and (max-width: 980px) 980px, (min-width: 981px) 1200px, 100vw\" class=\"wp-image-704\" \/><\/span><\/div>\n<\/div>\n\n<div class=\"et_pb_column_4 et_pb_column et-last-child et_flex_column et_pb_css_mix_blend_mode_passthrough et_flex_column_12_24 et_flex_column_12_24_tablet et_flex_column_24_24_phone\">\n<div class=\"et_pb_text_3 et_pb_text et_pb_bg_layout_light et_pb_module et_flex_module\"><div class=\"et_pb_text_inner\"><p><span>Main Restaurant<\/span><\/p>\n<\/div><\/div>\n\n<div class=\"et_pb_text_4 et_pb_text et_pb_bg_layout_light et_pb_module et_flex_module\"><div class=\"et_pb_text_inner\"><h3>The Marl\u00edn Caf\u00e9<\/h3>\n<\/div><\/div>\n\n<div class=\"et_pb_text_5 et_pb_text et_pb_bg_layout_light et_pb_module et_flex_module\"><div class=\"et_pb_text_inner\"><p><span>Enjoy breakfast, lunch, and dinner at The Marlin Caf\u00e9, featuring indoor seating and an ocean-view terrace. Savor favorite dishes, daily specials, snacks, and beverages, or enjoy room service.<\/span><\/p>\n<\/div><\/div>\n\n<div class=\"et_pb_row_4 et_pb_row et_pb_row_nested et_flex_row\">\n<div class=\"et_pb_column_5 et_pb_column et_flex_column et_pb_css_mix_blend_mode_passthrough et_flex_column_12_24 et_flex_column_12_24_tablet et_flex_column_24_24_phone\">\n<ul class=\"et_pb_icon_list_0 et_pb_icon_list et_pb_module et_flex_module\">\n<li class=\"et_pb_icon_list_item_0 et_pb_icon_list_item et_pb_module et_flex_module\"><span class=\"et-pb-icon\">\uf017<\/span><div class=\"et_pb_icon_list_text\">7:00 AM - 9:30 PM <\/div><\/li>\n<\/ul>\n<\/div>\n\n<div class=\"et_pb_column_6 et_pb_column et-last-child et_flex_column et_pb_css_mix_blend_mode_passthrough et_flex_column_12_24 et_flex_column_12_24_tablet et_flex_column_24_24_phone\">\n<ul class=\"et_pb_icon_list_1 et_pb_icon_list et_pb_module et_flex_module\">\n<li class=\"et_pb_icon_list_item_1 et_pb_icon_list_item et_pb_module et_flex_module\"><span class=\"et-pb-icon\">\uf2e7<\/span><div class=\"et_pb_icon_list_text\">Casual<\/div><\/li>\n<\/ul>\n<\/div>\n<\/div>\n\n<div class=\"et_pb_text_6 et_pb_text et_pb_bg_layout_light et_pb_module et_flex_module\"><div class=\"et_pb_text_inner\"><p><span>Specialties:<\/span><\/p>\n<\/div><\/div>\n\n<div class=\"et_pb_row_5 et_pb_row et_pb_row_nested et_flex_row\">\n<div class=\"et_pb_column_7 et_pb_column et_flex_column et_pb_css_mix_blend_mode_passthrough et_flex_column_12_24 et_flex_column_12_24_tablet et_flex_column_12_24_phone\">\n<div class=\"et_pb_text_7 et_pb_text et_pb_bg_layout_light et_pb_module et_flex_module\"><div class=\"et_pb_text_inner\"><p><span>Fresh seafood<\/span><\/p>\n<\/div><\/div>\n<\/div>\n\n<div class=\"et_pb_column_8 et_pb_column et_flex_column et_pb_css_mix_blend_mode_passthrough et_flex_column_12_24 et_flex_column_12_24_tablet et_flex_column_12_24_phone\">\n<div class=\"et_pb_text_8 et_pb_text et_pb_bg_layout_light et_pb_module et_flex_module\"><div class=\"et_pb_text_inner\"><p><span>Sinaloense cuisine<\/span><\/p>\n<\/div><\/div>\n<\/div>\n\n<div class=\"et_pb_column_9 et_pb_column et-last-child et_flex_column et_pb_css_mix_blend_mode_passthrough et_flex_column_12_24 et_flex_column_12_24_tablet et_flex_column_12_24_phone\">\n<div class=\"et_pb_text_9 et_pb_text et_pb_bg_layout_light et_pb_module et_flex_module\"><div class=\"et_pb_text_inner\"><p><span>Vegetarian menu<\/span><\/p>\n<\/div><\/div>\n<\/div>\n<\/div>\n<\/div>\n<\/div>\n<\/div>\n<\/div>\n\n<div class=\"et_pb_row_6 et_pb_row et_flex_row\">\n<div class=\"et_pb_column_10 et_pb_column et-last-child et_flex_column et_pb_css_mix_blend_mode_passthrough et_flex_column_24_24 et_flex_column_24_24_tablet et_flex_column_24_24_phone\">\n<div class=\"et_pb_row_7 et_pb_row et_pb_row_nested et_flex_row\">\n<div class=\"et_pb_column_11 et_pb_column et_flex_column et_pb_css_mix_blend_mode_passthrough et_flex_column_12_24 et_flex_column_12_24_tablet et_flex_column_24_24_phone\">\n<div class=\"et_pb_text_10 et_pb_text et_pb_bg_layout_light et_pb_module et_flex_module\"><div class=\"et_pb_text_inner\"><p><span>Bar<\/span><\/p>\n<\/div><\/div>\n\n<div class=\"et_pb_text_11 et_pb_text et_pb_bg_layout_light et_pb_module et_flex_module\"><div class=\"et_pb_text_inner\"><h3>Bar Don Pelayo<\/h3>\n<\/div><\/div>\n\n<div class=\"et_pb_text_12 et_pb_text et_pb_bg_layout_light et_pb_module et_flex_module\"><div class=\"et_pb_text_inner\"><p><span>A modern and family-friendly atmosphere, perfect for enjoying drinks. It features promotions such as 2-for-1 beers and cocktails at different times throughout the day, as well as specialty drinks like handcrafted blue agave spirits and \u2018Los Osuna.\u2019 It also offers pool tables and is located next to the main lobby.<\/span><\/p>\n<\/div><\/div>\n\n<div class=\"et_pb_row_8 et_pb_row et_pb_row_nested et_flex_row\">\n<div class=\"et_pb_column_12 et_pb_column et_flex_column et_pb_css_mix_blend_mode_passthrough et_flex_column_12_24 et_flex_column_12_24_tablet et_flex_column_24_24_phone\">\n<ul class=\"et_pb_icon_list_2 et_pb_icon_list et_pb_module et_flex_module\">\n<li class=\"et_pb_icon_list_item_2 et_pb_icon_list_item et_pb_module et_flex_module\"><span class=\"et-pb-icon\">\uf017<\/span><div class=\"et_pb_icon_list_text\">3:00 PM - 9:00 PM <\/div><\/li>\n<\/ul>\n<\/div>\n\n<div class=\"et_pb_column_13 et_pb_column et-last-child et_flex_column et_pb_css_mix_blend_mode_passthrough et_flex_column_12_24 et_flex_column_12_24_tablet et_flex_column_24_24_phone\">\n<ul class=\"et_pb_icon_list_3 et_pb_icon_list et_pb_module et_flex_module\">\n<li class=\"et_pb_icon_list_item_3 et_pb_icon_list_item et_pb_module et_flex_module\"><span class=\"et-pb-icon\">\uf79f<\/span><div class=\"et_pb_icon_list_text\">Casual<\/div><\/li>\n<\/ul>\n<\/div>\n<\/div>\n\n<div class=\"et_pb_text_13 et_pb_text et_pb_bg_layout_light et_pb_module et_flex_module\"><div class=\"et_pb_text_inner\"><p><span>Specialties:<\/span><\/p>\n<\/div><\/div>\n\n<div class=\"et_pb_row_9 et_pb_row et_pb_row_nested et_flex_row\">\n<div class=\"et_pb_column_14 et_pb_column et_flex_column et_pb_css_mix_blend_mode_passthrough et_flex_column_12_24 et_flex_column_12_24_tablet et_flex_column_12_24_phone\">\n<div class=\"et_pb_text_14 et_pb_text et_pb_bg_layout_light et_pb_module et_flex_module\"><div class=\"et_pb_text_inner\"><p><span>Modern bar<\/span><\/p>\n<\/div><\/div>\n<\/div>\n\n<div class=\"et_pb_column_15 et_pb_column et_flex_column et_pb_css_mix_blend_mode_passthrough et_flex_column_12_24 et_flex_column_12_24_tablet et_flex_column_12_24_phone\">\n<div class=\"et_pb_text_15 et_pb_text et_pb_bg_layout_light et_pb_module et_flex_module\"><div class=\"et_pb_text_inner\"><p><span>Cocktails<\/span><\/p>\n<\/div><\/div>\n<\/div>\n\n<div class=\"et_pb_column_16 et_pb_column et-last-child et_flex_column et_pb_css_mix_blend_mode_passthrough et_flex_column_12_24 et_flex_column_12_24_tablet et_flex_column_12_24_phone\">\n<div class=\"et_pb_text_16 et_pb_text et_pb_bg_layout_light et_pb_module et_flex_module\"><div class=\"et_pb_text_inner\"><p><span>House specialties<\/span><\/p>\n<\/div><\/div>\n<\/div>\n<\/div>\n<\/div>\n\n<div class=\"et_pb_column_17 et_pb_column et-last-child et_flex_column et_pb_css_mix_blend_mode_passthrough et_flex_column_12_24 et_flex_column_24_24_phone\">\n<div class=\"et_pb_image_1 et_pb_image et_pb_module et_flex_module\"><span class=\"et_pb_image_wrap\"><img loading=\"lazy\" decoding=\"async\" src=\"https:\/\/donpelayopacificbeach.com\/en\/wp-content\/uploads\/sites\/3\/2026\/03\/bar-don-pelayo.webp\" title=\"bar-don-pelayo\" width=\"1200\" height=\"800\" srcset=\"https:\/\/donpelayopacificbeach.com\/en\/wp-content\/uploads\/sites\/3\/2026\/03\/bar-don-pelayo.webp 1200w, https:\/\/donpelayopacificbeach.com\/en\/wp-content\/uploads\/sites\/3\/2026\/03\/bar-don-pelayo-980x653.webp 980w, https:\/\/donpelayopacificbeach.com\/en\/wp-content\/uploads\/sites\/3\/2026\/03\/bar-don-pelayo-480x320.webp 480w\" sizes=\"(min-width: 0px) and (max-width: 480px) 480px, (min-width: 481px) and (max-width: 980px) 980px, (min-width: 981px) 1200px, 100vw\" class=\"wp-image-701\" \/><\/span><\/div>\n<\/div>\n<\/div>\n<\/div>\n<\/div>\n<\/div>\n\n<div class=\"et_pb_section_3 et_pb_section et_section_regular et_flex_section\">\n<div class=\"et_pb_row_10 et_pb_row et_flex_row\">\n<div class=\"et_pb_column_18 et_pb_column et_flex_column et_pb_css_mix_blend_mode_passthrough et_flex_column_12_24 et_flex_column_12_24_tablet et_flex_column_24_24_phone\">\n<div class=\"et_pb_blurb_0 et_pb_blurb et_pb_bg_layout_light et_pb_blurb_position_top et_pb_module et_flex_module\"><div class=\"et_pb_blurb_content et_flex_module\"><div class=\"et_pb_main_blurb_image\"><span class=\"et_pb_image_wrap\"><span class=\"et-pb-icon et-waypoint et_pb_animation_top et_pb_animation_top_tablet et_pb_animation_top_phone\">\uf7b6<\/span><\/span><\/div><div class=\"et_pb_blurb_container\"><h3 class=\"et_pb_module_header\">Room Service<\/h3><div class=\"et_pb_blurb_description\"><p>Enjoy our full menu from the comfort of your room.<\/p>\n<ul>\n<li>Breakfast<\/li>\n<li>Lunch<\/li>\n<li>Dinner<\/li>\n<li>Snacks<\/li>\n<li>Drinks<\/li>\n<\/ul>\n<\/div><\/div><\/div><\/div>\n<\/div>\n\n<div class=\"et_pb_column_19 et_pb_column et-last-child et_flex_column et_pb_css_mix_blend_mode_passthrough et_flex_column_12_24 et_flex_column_12_24_tablet et_flex_column_24_24_phone\">\n<div class=\"et_pb_blurb_1 et_pb_blurb et_pb_bg_layout_light et_pb_blurb_position_top et_pb_module et_flex_module\"><div class=\"et_pb_blurb_content et_flex_module\"><div class=\"et_pb_main_blurb_image\"><span class=\"et_pb_image_wrap\"><span class=\"et-pb-icon et-waypoint et_pb_animation_top et_pb_animation_top_tablet et_pb_animation_top_phone\">\uf2e7<\/span><\/span><\/div><div class=\"et_pb_blurb_container\"><h3 class=\"et_pb_module_header\">Hotel Restaurant<\/h3><div class=\"et_pb_blurb_description\"><p>Visit our restaurant and enjoy a relaxed atmosphere with an excellent selection of food and drinks for any time of the day.<\/p>\n<ul>\n<li>Full breakfasts<\/li>\n<li>Lunch and dinner<\/li>\n<li>Chef\u2019s specialties<\/li>\n<li>Family-friendly atmosphere<\/li>\n<li>On-site service<\/li>\n<\/ul>\n<\/div><\/div><\/div><\/div>\n<\/div>\n<\/div>\n<\/div>\n\n<div class=\"et_pb_section_4 et_pb_section et_section_regular et_flex_section\">\n<div class=\"et_pb_row_11 et_pb_row et_flex_row\">\n<div class=\"et_pb_column_20 et_pb_column et-last-child et_flex_column et_pb_css_mix_blend_mode_passthrough et_flex_column_24_24 et_flex_column_24_24_tablet et_flex_column_24_24_phone\">\n<div class=\"et_pb_icon_0 et_pb_icon et_pb_module et_flex_module\"><span class=\"et_pb_icon_wrap\"><span class=\"et-pb-icon\">\uf5ce<\/span><\/span><\/div>\n\n<div class=\"et_pb_text_17 et_pb_text et_pb_bg_layout_light et_pb_module et_flex_module\"><div class=\"et_pb_text_inner\"><h2 class=\"mt-6 font-serif text-3xl font-bold text-azul-profundo md:text-4xl\">Private Events<\/h2>\n<\/div><\/div>\n\n<div class=\"et_pb_text_18 et_pb_text et_pb_bg_layout_light et_pb_module et_flex_module\"><div class=\"et_pb_text_inner\"><p>Celebrate your special moments with us. We offer customized menus, private spaces, and banquet services for any occasion.<\/p>\n<\/div><\/div>\n<\/div>\n<\/div>\n\n<div class=\"et_pb_row_12 et_pb_row et_flex_row\">\n<div class=\"et_pb_column_21 et_pb_column et-last-child et_flex_column et_pb_css_mix_blend_mode_passthrough et_flex_column_24_24 et_flex_column_24_24_tablet et_flex_column_24_24_phone\">\n<div class=\"et_pb_module et_pb_button_module_wrapper et_pb_button_0_wrapper\"><a class=\"et_pb_button_0 et_pb_button et_pb_bg_layout_light et_pb_module et_flex_module\" href=\"https:\/\/donpelayopacificbeach.com\/en\/events\/\">VIEW EVENT OPTIONS<\/a><\/div>\n<\/div>\n<\/div>\n<\/div>","protected":false},"excerpt":{"rendered":"","protected":false},"author":1,"featured_media":704,"parent":0,"menu_order":0,"comment_status":"closed","ping_status":"closed","template":"","meta":{"footnotes":""},"class_list":["post-6","page","type-page","status-publish","has-post-thumbnail","hentry"],"yoast_head":"<!-- This site is optimized with the Yoast SEO plugin v27.1.1 - https:\/\/yoast.com\/product\/yoast-seo-wordpress\/ -->\n<title>Hotel Don Pelayo Mazatl\u00e1n | Hotel familiar frente al Malec\u00f3n<\/title>\n<meta name=\"description\" content=\"Disfruta Mazatl\u00e1n con tu familia frente al malec\u00f3n. Alberca climatizada, desayuno delicioso y reserva segura directa con el hotel.\" \/>\n<meta name=\"robots\" content=\"index, follow, max-snippet:-1, max-image-preview:large, max-video-preview:-1\" \/>\n<link rel=\"canonical\" href=\"https:\/\/donpelayopacificbeach.com\/en\/gastronomy\/\" \/>\n<meta property=\"og:locale\" content=\"en_US\" \/>\n<meta property=\"og:type\" content=\"article\" \/>\n<meta property=\"og:title\" content=\"Hotel Don Pelayo Mazatl\u00e1n | Hotel familiar frente al Malec\u00f3n\" \/>\n<meta property=\"og:description\" content=\"Disfruta Mazatl\u00e1n con tu familia frente al malec\u00f3n. Alberca climatizada, desayuno delicioso y reserva segura directa con el hotel.\" \/>\n<meta property=\"og:url\" content=\"https:\/\/donpelayopacificbeach.com\/en\/gastronomy\/\" \/>\n<meta property=\"og:site_name\" content=\"Don Pelayo Pacific Beach English\" \/>\n<meta property=\"article:modified_time\" content=\"2026-05-07T23:29:46+00:00\" \/>\n<meta property=\"og:image\" content=\"https:\/\/donpelayopacificbeach.com\/en\/wp-content\/uploads\/sites\/3\/2026\/03\/desayuno-marlin-cafe.webp\" \/>\n\t<meta property=\"og:image:width\" content=\"1200\" \/>\n\t<meta property=\"og:image:height\" content=\"800\" \/>\n\t<meta property=\"og:image:type\" content=\"image\/webp\" \/>\n<meta name=\"twitter:card\" content=\"summary_large_image\" \/>\n<script type=\"application\/ld+json\" class=\"yoast-schema-graph\">{\"@context\":\"https:\/\/schema.org\",\"@graph\":[{\"@type\":\"WebPage\",\"@id\":\"https:\/\/donpelayopacificbeach.com\/en\/gastronomy\/\",\"url\":\"https:\/\/donpelayopacificbeach.com\/en\/gastronomy\/\",\"name\":\"Hotel Don Pelayo Mazatl\u00e1n | Hotel familiar frente al Malec\u00f3n\",\"isPartOf\":{\"@id\":\"https:\/\/donpelayopacificbeach.com\/en\/#website\"},\"primaryImageOfPage\":{\"@id\":\"https:\/\/donpelayopacificbeach.com\/en\/gastronomy\/#primaryimage\"},\"image\":{\"@id\":\"https:\/\/donpelayopacificbeach.com\/en\/gastronomy\/#primaryimage\"},\"thumbnailUrl\":\"https:\/\/donpelayopacificbeach.com\/en\/wp-content\/uploads\/sites\/3\/2026\/03\/desayuno-marlin-cafe.webp\",\"datePublished\":\"2026-03-04T18:10:46+00:00\",\"dateModified\":\"2026-05-07T23:29:46+00:00\",\"description\":\"Disfruta Mazatl\u00e1n con tu familia frente al malec\u00f3n. Alberca climatizada, desayuno delicioso y reserva segura directa con el hotel.\",\"breadcrumb\":{\"@id\":\"https:\/\/donpelayopacificbeach.com\/en\/gastronomy\/#breadcrumb\"},\"inLanguage\":\"en-US\",\"potentialAction\":[{\"@type\":\"ReadAction\",\"target\":[\"https:\/\/donpelayopacificbeach.com\/en\/gastronomy\/\"]}]},{\"@type\":\"ImageObject\",\"inLanguage\":\"en-US\",\"@id\":\"https:\/\/donpelayopacificbeach.com\/en\/gastronomy\/#primaryimage\",\"url\":\"https:\/\/donpelayopacificbeach.com\/en\/wp-content\/uploads\/sites\/3\/2026\/03\/desayuno-marlin-cafe.webp\",\"contentUrl\":\"https:\/\/donpelayopacificbeach.com\/en\/wp-content\/uploads\/sites\/3\/2026\/03\/desayuno-marlin-cafe.webp\",\"width\":1200,\"height\":800,\"caption\":\"Desayuno Restaurante frente al Malec\u00f3n de Mazatl\u00e1n familiar The Marlin Caf\u00e9 Don Pelayo\"},{\"@type\":\"BreadcrumbList\",\"@id\":\"https:\/\/donpelayopacificbeach.com\/en\/gastronomy\/#breadcrumb\",\"itemListElement\":[{\"@type\":\"ListItem\",\"position\":1,\"name\":\"Portada\",\"item\":\"https:\/\/donpelayopacificbeach.com\/en\/\"},{\"@type\":\"ListItem\",\"position\":2,\"name\":\"Gastronomy\"}]},{\"@type\":\"WebSite\",\"@id\":\"https:\/\/donpelayopacificbeach.com\/en\/#website\",\"url\":\"https:\/\/donpelayopacificbeach.com\/en\/\",\"name\":\"Don Pelayo Pacific Beach English\",\"description\":\"Four-star hotel located beachfront on the famous Mazatl\u00e1n boardwalk, where you can enjoy the freshness of the sea breeze and beautiful panoramic views that will help you relax and forget your daily routine. From your balcony, enjoy your favorite drink and one of the most spectacular sunsets in the world.\",\"potentialAction\":[{\"@type\":\"SearchAction\",\"target\":{\"@type\":\"EntryPoint\",\"urlTemplate\":\"https:\/\/donpelayopacificbeach.com\/en\/?s={search_term_string}\"},\"query-input\":{\"@type\":\"PropertyValueSpecification\",\"valueRequired\":true,\"valueName\":\"search_term_string\"}}],\"inLanguage\":\"en-US\"}]}<\/script>\n<!-- \/ Yoast SEO plugin. -->","yoast_head_json":{"title":"Hotel Don Pelayo Mazatl\u00e1n | Hotel familiar frente al Malec\u00f3n","description":"Disfruta Mazatl\u00e1n con tu familia frente al malec\u00f3n. Alberca climatizada, desayuno delicioso y reserva segura directa con el hotel.","robots":{"index":"index","follow":"follow","max-snippet":"max-snippet:-1","max-image-preview":"max-image-preview:large","max-video-preview":"max-video-preview:-1"},"canonical":"https:\/\/donpelayopacificbeach.com\/en\/gastronomy\/","og_locale":"en_US","og_type":"article","og_title":"Hotel Don Pelayo Mazatl\u00e1n | Hotel familiar frente al Malec\u00f3n","og_description":"Disfruta Mazatl\u00e1n con tu familia frente al malec\u00f3n. Alberca climatizada, desayuno delicioso y reserva segura directa con el hotel.","og_url":"https:\/\/donpelayopacificbeach.com\/en\/gastronomy\/","og_site_name":"Don Pelayo Pacific Beach English","article_modified_time":"2026-05-07T23:29:46+00:00","og_image":[{"width":1200,"height":800,"url":"https:\/\/donpelayopacificbeach.com\/en\/wp-content\/uploads\/sites\/3\/2026\/03\/desayuno-marlin-cafe.webp","type":"image\/webp"}],"twitter_card":"summary_large_image","schema":{"@context":"https:\/\/schema.org","@graph":[{"@type":"WebPage","@id":"https:\/\/donpelayopacificbeach.com\/en\/gastronomy\/","url":"https:\/\/donpelayopacificbeach.com\/en\/gastronomy\/","name":"Hotel Don Pelayo Mazatl\u00e1n | Hotel familiar frente al Malec\u00f3n","isPartOf":{"@id":"https:\/\/donpelayopacificbeach.com\/en\/#website"},"primaryImageOfPage":{"@id":"https:\/\/donpelayopacificbeach.com\/en\/gastronomy\/#primaryimage"},"image":{"@id":"https:\/\/donpelayopacificbeach.com\/en\/gastronomy\/#primaryimage"},"thumbnailUrl":"https:\/\/donpelayopacificbeach.com\/en\/wp-content\/uploads\/sites\/3\/2026\/03\/desayuno-marlin-cafe.webp","datePublished":"2026-03-04T18:10:46+00:00","dateModified":"2026-05-07T23:29:46+00:00","description":"Disfruta Mazatl\u00e1n con tu familia frente al malec\u00f3n. Alberca climatizada, desayuno delicioso y reserva segura directa con el hotel.","breadcrumb":{"@id":"https:\/\/donpelayopacificbeach.com\/en\/gastronomy\/#breadcrumb"},"inLanguage":"en-US","potentialAction":[{"@type":"ReadAction","target":["https:\/\/donpelayopacificbeach.com\/en\/gastronomy\/"]}]},{"@type":"ImageObject","inLanguage":"en-US","@id":"https:\/\/donpelayopacificbeach.com\/en\/gastronomy\/#primaryimage","url":"https:\/\/donpelayopacificbeach.com\/en\/wp-content\/uploads\/sites\/3\/2026\/03\/desayuno-marlin-cafe.webp","contentUrl":"https:\/\/donpelayopacificbeach.com\/en\/wp-content\/uploads\/sites\/3\/2026\/03\/desayuno-marlin-cafe.webp","width":1200,"height":800,"caption":"Desayuno Restaurante frente al Malec\u00f3n de Mazatl\u00e1n familiar The Marlin Caf\u00e9 Don Pelayo"},{"@type":"BreadcrumbList","@id":"https:\/\/donpelayopacificbeach.com\/en\/gastronomy\/#breadcrumb","itemListElement":[{"@type":"ListItem","position":1,"name":"Portada","item":"https:\/\/donpelayopacificbeach.com\/en\/"},{"@type":"ListItem","position":2,"name":"Gastronomy"}]},{"@type":"WebSite","@id":"https:\/\/donpelayopacificbeach.com\/en\/#website","url":"https:\/\/donpelayopacificbeach.com\/en\/","name":"Don Pelayo Pacific Beach English","description":"Four-star hotel located beachfront on the famous Mazatl\u00e1n boardwalk, where you can enjoy the freshness of the sea breeze and beautiful panoramic views that will help you relax and forget your daily routine. From your balcony, enjoy your favorite drink and one of the most spectacular sunsets in the world.","potentialAction":[{"@type":"SearchAction","target":{"@type":"EntryPoint","urlTemplate":"https:\/\/donpelayopacificbeach.com\/en\/?s={search_term_string}"},"query-input":{"@type":"PropertyValueSpecification","valueRequired":true,"valueName":"search_term_string"}}],"inLanguage":"en-US"}]}},"_links":{"self":[{"href":"https:\/\/donpelayopacificbeach.com\/en\/wp-json\/wp\/v2\/pages\/6","targetHints":{"allow":["GET"]}}],"collection":[{"href":"https:\/\/donpelayopacificbeach.com\/en\/wp-json\/wp\/v2\/pages"}],"about":[{"href":"https:\/\/donpelayopacificbeach.com\/en\/wp-json\/wp\/v2\/types\/page"}],"author":[{"embeddable":true,"href":"https:\/\/donpelayopacificbeach.com\/en\/wp-json\/wp\/v2\/users\/1"}],"replies":[{"embeddable":true,"href":"https:\/\/donpelayopacificbeach.com\/en\/wp-json\/wp\/v2\/comments?post=6"}],"version-history":[{"count":162,"href":"https:\/\/donpelayopacificbeach.com\/en\/wp-json\/wp\/v2\/pages\/6\/revisions"}],"predecessor-version":[{"id":969,"href":"https:\/\/donpelayopacificbeach.com\/en\/wp-json\/wp\/v2\/pages\/6\/revisions\/969"}],"wp:featuredmedia":[{"embeddable":true,"href":"https:\/\/donpelayopacificbeach.com\/en\/wp-json\/wp\/v2\/media\/704"}],"wp:attachment":[{"href":"https:\/\/donpelayopacificbeach.com\/en\/wp-json\/wp\/v2\/media?parent=6"}],"curies":[{"name":"wp","href":"https:\/\/api.w.org\/{rel}","templated":true}]}}