{"id":499,"date":"2026-03-19T17:56:20","date_gmt":"2026-03-19T17:56:20","guid":{"rendered":"https:\/\/donpelayopacificbeach.com\/en\/?page_id=499"},"modified":"2026-05-08T18:44:08","modified_gmt":"2026-05-08T18:44:08","slug":"superior-suite","status":"publish","type":"page","link":"https:\/\/donpelayopacificbeach.com\/en\/superior-suite\/","title":{"rendered":"Superior Suite"},"content":{"rendered":"<div class=\"et_pb_section_0 et_pb_section et_section_regular et_flex_section\">\n<div class=\"et_pb_row_0 et_pb_row et_flex_row\">\n<div class=\"et_pb_column_0 et_pb_column et-last-child et_flex_column et_pb_css_mix_blend_mode_passthrough et_flex_column_24_24 et_flex_column_24_24_tablet et_flex_column_24_24_phone\">\n<div class=\"et_pb_slider_0 et_pb_slider et_pb_slider_fullwidth_off et_pb_module et_flex_module\"><div class=\"et_pb_slides\">\n<div class=\"et_pb_slide_0 et_pb_slide et_pb_media_alignment_center et_pb_bg_layout_dark\" data-slide-id=\"divi\/slide-0\"><div class=\"et_pb_container\"><div class=\"et_pb_slider_container_inner\"><div class=\"et_pb_slide_description et_flex_module\"><div class=\"et_pb_slide_content\" data-et-mv-hidden-tablet=\"true\" data-et-mv-hidden-phone=\"true\"><p><a href=\"\/habitaciones\">\u2190 Back to Rooms<\/a><br \/>\n<span style=\"color: #eee7dc!important; font-size: 14px; letter-spacing: 4px; font-weight: 500; line-height: 0px;\"> 30M2 \u25cf 1 - 6 PEOPLES<\/span><\/p>\n<h1 style=\"font-size: 60px; color: #eee7dc!important;\">Superior Suite<\/h1>\n<p>With Pacific Ocean Views.<\/p>\n<\/div><\/div><\/div><\/div><\/div>\n<\/div><\/div>\n<\/div>\n<\/div>\n<\/div>\n\n<div class=\"et_pb_section_1 et_pb_section et_section_regular et_flex_section\">\n<div class=\"et_pb_row_1 et_pb_row et_flex_row\">\n<div class=\"et_pb_column_1 et_pb_column et_flex_column et_pb_css_mix_blend_mode_passthrough et_flex_column_16_24 et_flex_column_16_24_tablet et_flex_column_24_24_phone\">\n<div class=\"et_pb_text_0 et_pb_text et_pb_bg_layout_light et_pb_module et_flex_module\"><div class=\"et_pb_text_inner\"><h2>Description<\/h2>\n<\/div><\/div>\n\n<div class=\"et_pb_text_1 et_pb_text et_pb_bg_layout_light et_pb_module et_flex_module\"><div class=\"et_pb_text_inner\"><p><span>Comfortable and cozy junior suite with a spectacular ocean view. Our special Junior Suite features two double beds, Wi-Fi, television, telephone, air conditioning, a modern bathroom, living area, refrigerator, and a balcony so you can enjoy the sunset and ocean breeze. Maximum capacity: 1 to 6 guests, including children.<\/span><\/p>\n<\/div><\/div>\n\n<div class=\"et_pb_row_2 et_pb_row et_pb_row_nested et_flex_row\">\n<div class=\"et_pb_column_2 et_pb_column et_flex_column et_pb_css_mix_blend_mode_passthrough et_flex_column_8_24 et_flex_column_8_24_tablet et_flex_column_12_24_phone\">\n<div class=\"et_pb_text_2 et_pb_text et_pb_bg_layout_light et_pb_module et_flex_module\"><div class=\"et_pb_text_inner\"><p>Size<br \/>\n<strong style=\"color:#1f3848;font-size:16px;\">36m\u00b2<\/strong><\/p>\n<\/div><\/div>\n<\/div>\n\n<div class=\"et_pb_column_3 et_pb_column et_flex_column et_pb_css_mix_blend_mode_passthrough et_flex_column_8_24 et_flex_column_8_24_tablet et_flex_column_12_24_phone\">\n<div class=\"et_pb_text_3 et_pb_text et_pb_bg_layout_light et_pb_module et_flex_module\"><div class=\"et_pb_text_inner\"><p>Capacity<br \/>\n<strong style=\"color:#1f3848;font-size:16px;\">4 People<\/strong><\/p>\n<\/div><\/div>\n<\/div>\n\n<div class=\"et_pb_column_4 et_pb_column et_flex_column et_pb_css_mix_blend_mode_passthrough et_flex_column_8_24 et_flex_column_8_24_tablet et_flex_column_12_24_phone\">\n<div class=\"et_pb_text_4 et_pb_text et_pb_bg_layout_light et_pb_module et_flex_module\"><div class=\"et_pb_text_inner\"><p>Beds<br \/>\n<strong style=\"color:#1f3848;font-size:16px;\">2 Double Beds<\/strong><\/p>\n<\/div><\/div>\n<\/div>\n\n<div class=\"et_pb_column_5 et_pb_column et-last-child et_flex_column et_pb_css_mix_blend_mode_passthrough et_flex_column_8_24 et_flex_column_8_24_tablet et_flex_column_12_24_phone\">\n<div class=\"et_pb_text_5 et_pb_text et_pb_bg_layout_light et_pb_module et_flex_module\"><div class=\"et_pb_text_inner\"><p>Ocean<br \/>\n<strong style=\"color:#1f3848;font-size:16px;\">View<\/strong><\/p>\n<\/div><\/div>\n<\/div>\n<\/div>\n\n<div class=\"et_pb_text_6 et_pb_text et_pb_bg_layout_light et_pb_module et_flex_module\"><div class=\"et_pb_text_inner\"><h3>Amenities<\/h3>\n<\/div><\/div>\n\n<div class=\"et_pb_row_3 et_pb_row et_pb_row_nested et_flex_row\">\n<div class=\"et_pb_column_6 et_pb_column et_flex_column et_pb_css_mix_blend_mode_passthrough et_flex_column_12_24 et_flex_column_12_24_tablet et_flex_column_24_24_phone\">\n<div class=\"et_pb_blurb_0 et_pb_blurb et_pb_bg_layout_light et_pb_blurb_position_left et_pb_module et_flex_module\"><div class=\"et_pb_blurb_content et_flex_module\"><div class=\"et_pb_main_blurb_image\"><span class=\"et_pb_image_wrap\"><span class=\"et-pb-icon et-waypoint et_pb_animation_top et_pb_animation_top_tablet et_pb_animation_top_phone\">\uf773<\/span><\/span><\/div><div class=\"et_pb_blurb_container\"><div class=\"et_pb_blurb_description\"><p>Pool<\/p>\n<\/div><\/div><\/div><\/div>\n<\/div>\n\n<div class=\"et_pb_column_7 et_pb_column et-last-child et_flex_column et_pb_css_mix_blend_mode_passthrough et_flex_column_12_24 et_flex_column_12_24_tablet et_flex_column_24_24_phone\">\n<div class=\"et_pb_blurb_1 et_pb_blurb et_pb_bg_layout_light et_pb_blurb_position_left et_pb_module et_flex_module\"><div class=\"et_pb_blurb_content et_flex_module\"><div class=\"et_pb_main_blurb_image\"><span class=\"et_pb_image_wrap\"><span class=\"et-pb-icon et-waypoint et_pb_animation_top et_pb_animation_top_tablet et_pb_animation_top_phone\">\uf1eb<\/span><\/span><\/div><div class=\"et_pb_blurb_container\"><div class=\"et_pb_blurb_description\"><p>High-speed Wi-Fi<\/p>\n<\/div><\/div><\/div><\/div>\n<\/div>\n<\/div>\n\n<div class=\"et_pb_row_4 et_pb_row et_pb_row_nested et_flex_row\">\n<div class=\"et_pb_column_8 et_pb_column et_flex_column et_pb_css_mix_blend_mode_passthrough et_flex_column_12_24 et_flex_column_12_24_tablet et_flex_column_24_24_phone\">\n<div class=\"et_pb_blurb_2 et_pb_blurb et_pb_bg_layout_light et_pb_blurb_position_left et_pb_module et_flex_module\"><div class=\"et_pb_blurb_content et_flex_module\"><div class=\"et_pb_main_blurb_image\"><span class=\"et_pb_image_wrap\"><span class=\"et-pb-icon et-waypoint et_pb_animation_top et_pb_animation_top_tablet et_pb_animation_top_phone\">\uf26c<\/span><\/span><\/div><div class=\"et_pb_blurb_container\"><div class=\"et_pb_blurb_description\"><p>32\u201d Cable TV<\/p>\n<\/div><\/div><\/div><\/div>\n<\/div>\n\n<div class=\"et_pb_column_9 et_pb_column et-last-child et_flex_column et_pb_css_mix_blend_mode_passthrough et_flex_column_12_24 et_flex_column_12_24_tablet et_flex_column_24_24_phone\">\n<div class=\"et_pb_blurb_3 et_pb_blurb et_pb_bg_layout_light et_pb_blurb_position_left et_pb_module et_flex_module\"><div class=\"et_pb_blurb_content et_flex_module\"><div class=\"et_pb_main_blurb_image\"><span class=\"et_pb_image_wrap\"><span class=\"et-pb-icon et-waypoint et_pb_animation_top et_pb_animation_top_tablet et_pb_animation_top_phone\">\uf2cc<\/span><\/span><\/div><div class=\"et_pb_blurb_container\"><div class=\"et_pb_blurb_description\"><p>Full bathroom<\/p>\n<\/div><\/div><\/div><\/div>\n<\/div>\n<\/div>\n\n<div class=\"et_pb_row_5 et_pb_row et_pb_row_nested et_flex_row\">\n<div class=\"et_pb_column_10 et_pb_column et_flex_column et_pb_css_mix_blend_mode_passthrough et_flex_column_12_24 et_flex_column_12_24_tablet et_flex_column_24_24_phone\">\n<div class=\"et_pb_blurb_4 et_pb_blurb et_pb_bg_layout_light et_pb_blurb_position_left et_pb_module et_flex_module\"><div class=\"et_pb_blurb_content et_flex_module\"><div class=\"et_pb_main_blurb_image\"><span class=\"et_pb_image_wrap\"><span class=\"et-pb-icon et-waypoint et_pb_animation_top et_pb_animation_top_tablet et_pb_animation_top_phone\">\uf72e<\/span><\/span><\/div><div class=\"et_pb_blurb_container\"><div class=\"et_pb_blurb_description\"><p>Air conditioning<\/p>\n<\/div><\/div><\/div><\/div>\n<\/div>\n\n<div class=\"et_pb_column_11 et_pb_column et-last-child et_flex_column et_pb_css_mix_blend_mode_passthrough et_flex_column_12_24 et_flex_column_12_24_tablet et_flex_column_24_24_phone\">\n<div class=\"et_pb_blurb_5 et_pb_blurb et_pb_bg_layout_light et_pb_blurb_position_left et_pb_module et_flex_module\"><div class=\"et_pb_blurb_content et_flex_module\"><div class=\"et_pb_main_blurb_image\"><span class=\"et_pb_image_wrap\"><span class=\"et-pb-icon et-waypoint et_pb_animation_top et_pb_animation_top_tablet et_pb_animation_top_phone\">\uf023<\/span><\/span><\/div><div class=\"et_pb_blurb_container\"><div class=\"et_pb_blurb_description\"><p>Safe security box<\/p>\n<\/div><\/div><\/div><\/div>\n<\/div>\n<\/div>\n\n<div class=\"et_pb_row_6 et_pb_row et_pb_row_nested et_flex_row\">\n<div class=\"et_pb_column_12 et_pb_column et_flex_column et_pb_css_mix_blend_mode_passthrough et_flex_column_12_24 et_flex_column_12_24_tablet et_flex_column_24_24_phone\">\n<div class=\"et_pb_blurb_6 et_pb_blurb et_pb_bg_layout_light et_pb_blurb_position_left et_pb_module et_flex_module\"><div class=\"et_pb_blurb_content et_flex_module\"><div class=\"et_pb_main_blurb_image\"><span class=\"et_pb_image_wrap\"><span class=\"et-pb-icon et-waypoint et_pb_animation_top et_pb_animation_top_tablet et_pb_animation_top_phone\">\uf017<\/span><\/span><\/div><div class=\"et_pb_blurb_container\"><div class=\"et_pb_blurb_description\"><p>Room service (7 AM \u2013 9 PM)<\/p>\n<\/div><\/div><\/div><\/div>\n<\/div>\n\n<div class=\"et_pb_column_13 et_pb_column et-last-child et_flex_column et_pb_css_mix_blend_mode_passthrough et_flex_column_12_24 et_flex_column_12_24_tablet et_flex_column_24_24_phone\">\n<div class=\"et_pb_blurb_7 et_pb_blurb et_pb_bg_layout_light et_pb_blurb_position_left et_pb_module et_flex_module\"><div class=\"et_pb_blurb_content et_flex_module\"><div class=\"et_pb_main_blurb_image\"><span class=\"et_pb_image_wrap\"><span class=\"et-pb-icon et-waypoint et_pb_animation_top et_pb_animation_top_tablet et_pb_animation_top_phone\">\uf1b9<\/span><\/span><\/div><div class=\"et_pb_blurb_container\"><div class=\"et_pb_blurb_description\"><p>Free parking<\/p>\n<\/div><\/div><\/div><\/div>\n<\/div>\n<\/div>\n<\/div>\n\n<div class=\"et_pb_column_14 et_pb_column et-last-child et_flex_column et_pb_css_mix_blend_mode_passthrough et_flex_column_8_24 et_flex_column_8_24_tablet et_flex_column_24_24_phone\">\n<div class=\"et_pb_module et_pb_button_module_wrapper et_pb_button_0_wrapper\"><a class=\"et_pb_button_0 et_pb_button et_pb_bg_layout_light et_pb_module et_flex_module reservar-habitacion\" href=\"https:\/\/wa.me\/526692098323?text=Buen%20d%C3%ADa,%20vi%20la%20p%C3%A1gina%20web.%20%C2%BFTienen%20disponibilidad%20y%20precio%20de%20la%20Suite%20Superior%3F\">Book Now<\/a><\/div>\n\n<div class=\"et_pb_module et_pb_button_module_wrapper et_pb_button_1_wrapper\"><a class=\"et_pb_button_1 et_pb_button et_pb_bg_layout_light et_pb_module et_flex_module\" href=\"https:\/\/wa.me\/526692098323?text=Good%20day,%20I%20saw%20your%20website.%20Do%20you%20have%20availability%20and%20pricing%20for%20the%20Suite%20Superior?\" target=\"_blank\" data-icon=\"\uf232\">Request Information<\/a><\/div>\n\n<div class=\"et_pb_divider_0 et_pb_divider et_pb_space et_pb_divider_position_top et_pb_module\"><div class=\"et_pb_divider_internal\"><\/div><\/div>\n\n<div class=\"et_pb_text_7 et_pb_text et_pb_bg_layout_light et_pb_module et_flex_module\"><div class=\"et_pb_text_inner\"><p><span>Book with confidence. Free cancellation up to 48 hours before your arrival.<\/span><\/p>\n<\/div><\/div>\n<\/div>\n<\/div>\n<\/div>\n\n<div class=\"et_pb_section_2 et_pb_section et_section_regular et_flex_section\">\n<div class=\"et_pb_row_7 et_pb_row et_flex_row\">\n<div class=\"et_pb_column_15 et_pb_column et-last-child et_flex_column et_pb_css_mix_blend_mode_passthrough et_flex_column_24_24 et_flex_column_24_24_tablet et_flex_column_24_24_phone\">\n<div class=\"et_pb_text_8 et_pb_text et_pb_bg_layout_light et_pb_module et_flex_module\"><div class=\"et_pb_text_inner\"><h2>Gallery<\/h2>\n<\/div><\/div>\n<\/div>\n<\/div>\n\n<div class=\"et_pb_row_8 et_pb_row et_flex_row\">\n<div class=\"et_pb_column_16 et_pb_column et-last-child et_flex_column et_pb_css_mix_blend_mode_passthrough et_flex_column_24_24 et_flex_column_24_24_tablet et_flex_column_24_24_phone\">\n<div class=\"et_pb_gallery_0 et_pb_gallery et_pb_bg_layout_light et_pb_gallery_grid et_pb_module\" data-auto-rotate=\"off\" data-auto-rotate-speed=\"\"><div class=\"et_pb_gallery_items et_post_gallery clearfix et_grid_module\" data-per_page=\"3\"><div class=\"et_pb_gallery_item et_pb_grid_item et_pb_gallery_item_0_0\"><div class=\"et_pb_gallery_image landscape\" data-per_page=\"3\"><a href=\"https:\/\/donpelayopacificbeach.com\/en\/wp-content\/uploads\/sites\/3\/2026\/03\/suite-superior1.webp\" title=\"Habitaci\u00f3n Suite Superior\"><img loading=\"lazy\" decoding=\"async\" width=\"400\" height=\"284\" src=\"https:\/\/donpelayopacificbeach.com\/en\/wp-content\/uploads\/sites\/3\/2026\/03\/suite-superior1-400x284.webp\" alt=\"Suite Superior para 4-6 personas con vista al mar hotel familiar en el malec\u00f3n de Mazatl\u00e1n Don Pelayo\" class=\"wp-image-758\" srcset=\"https:\/\/donpelayopacificbeach.com\/en\/wp-content\/uploads\/sites\/3\/2026\/03\/suite-superior1.webp 479w, https:\/\/donpelayopacificbeach.com\/en\/wp-content\/uploads\/sites\/3\/2026\/03\/suite-superior1-400x284.webp 480w\" sizes=\"(max-width:479px) 479px, 100vw\" \/><span class=\"et_overlay\" data-icon=\"\" data-icon-tablet=\"\" data-icon-phone=\"\"><\/span><\/a><\/div><\/div><div class=\"et_pb_gallery_item et_pb_grid_item et_pb_gallery_item_0_1\"><div class=\"et_pb_gallery_image landscape\" data-per_page=\"3\"><a href=\"https:\/\/donpelayopacificbeach.com\/en\/wp-content\/uploads\/sites\/3\/2026\/03\/suite-superior2.webp\" title=\"Habitaci\u00f3n Suite Superior\"><img loading=\"lazy\" decoding=\"async\" width=\"400\" height=\"284\" src=\"https:\/\/donpelayopacificbeach.com\/en\/wp-content\/uploads\/sites\/3\/2026\/03\/suite-superior2-400x284.webp\" alt=\"Suite Superior para 4-6 personas con vista al mar hotel familiar en el malec\u00f3n de Mazatl\u00e1n Don Pelayo\" class=\"wp-image-759\" srcset=\"https:\/\/donpelayopacificbeach.com\/en\/wp-content\/uploads\/sites\/3\/2026\/03\/suite-superior2.webp 479w, https:\/\/donpelayopacificbeach.com\/en\/wp-content\/uploads\/sites\/3\/2026\/03\/suite-superior2-400x284.webp 480w\" sizes=\"(max-width:479px) 479px, 100vw\" \/><span class=\"et_overlay\" data-icon=\"\" data-icon-tablet=\"\" data-icon-phone=\"\"><\/span><\/a><\/div><\/div><div class=\"et_pb_gallery_item et_pb_grid_item et_pb_gallery_item_0_2\"><div class=\"et_pb_gallery_image landscape\" data-per_page=\"3\"><a href=\"https:\/\/donpelayopacificbeach.com\/en\/wp-content\/uploads\/sites\/3\/2026\/03\/vista-pelayo.webp\" title=\"Vista al Malec\u00f3n desde Don Pelayo\"><img loading=\"lazy\" decoding=\"async\" width=\"400\" height=\"284\" src=\"https:\/\/donpelayopacificbeach.com\/en\/wp-content\/uploads\/sites\/3\/2026\/03\/vista-pelayo-400x284.webp\" alt=\"Vista al Malec\u00f3n desde Habitaci\u00f3n de Hotel Familiar frente al Mar Mazatl\u00e1n Don pelayo\" class=\"wp-image-740\" srcset=\"https:\/\/donpelayopacificbeach.com\/en\/wp-content\/uploads\/sites\/3\/2026\/03\/vista-pelayo.webp 479w, https:\/\/donpelayopacificbeach.com\/en\/wp-content\/uploads\/sites\/3\/2026\/03\/vista-pelayo-400x284.webp 480w\" sizes=\"(max-width:479px) 479px, 100vw\" \/><span class=\"et_overlay\" data-icon=\"\" data-icon-tablet=\"\" data-icon-phone=\"\"><\/span><\/a><\/div><\/div><\/div><\/div>\n<\/div>\n<\/div>\n<\/div>","protected":false},"excerpt":{"rendered":"","protected":false},"author":1,"featured_media":0,"parent":0,"menu_order":0,"comment_status":"closed","ping_status":"closed","template":"","meta":{"footnotes":""},"class_list":["post-499","page","type-page","status-publish","hentry"],"yoast_head":"<!-- This site is optimized with the Yoast SEO plugin v27.1.1 - https:\/\/yoast.com\/product\/yoast-seo-wordpress\/ -->\n<title>Superior Suite - Don Pelayo Pacific Beach English<\/title>\n<meta name=\"robots\" content=\"index, follow, max-snippet:-1, max-image-preview:large, max-video-preview:-1\" \/>\n<link rel=\"canonical\" href=\"https:\/\/donpelayopacificbeach.com\/en\/superior-suite\/\" \/>\n<meta property=\"og:locale\" content=\"en_US\" \/>\n<meta property=\"og:type\" content=\"article\" \/>\n<meta property=\"og:title\" content=\"Superior Suite - Don Pelayo Pacific Beach English\" \/>\n<meta property=\"og:url\" content=\"https:\/\/donpelayopacificbeach.com\/en\/superior-suite\/\" \/>\n<meta property=\"og:site_name\" content=\"Don Pelayo Pacific Beach English\" \/>\n<meta property=\"article:modified_time\" content=\"2026-05-08T18:44:08+00:00\" \/>\n<meta name=\"twitter:card\" content=\"summary_large_image\" \/>\n<script type=\"application\/ld+json\" class=\"yoast-schema-graph\">{\"@context\":\"https:\/\/schema.org\",\"@graph\":[{\"@type\":\"WebPage\",\"@id\":\"https:\/\/donpelayopacificbeach.com\/en\/superior-suite\/\",\"url\":\"https:\/\/donpelayopacificbeach.com\/en\/superior-suite\/\",\"name\":\"Superior Suite - Don Pelayo Pacific Beach English\",\"isPartOf\":{\"@id\":\"https:\/\/donpelayopacificbeach.com\/en\/#website\"},\"datePublished\":\"2026-03-19T17:56:20+00:00\",\"dateModified\":\"2026-05-08T18:44:08+00:00\",\"breadcrumb\":{\"@id\":\"https:\/\/donpelayopacificbeach.com\/en\/superior-suite\/#breadcrumb\"},\"inLanguage\":\"en-US\",\"potentialAction\":[{\"@type\":\"ReadAction\",\"target\":[\"https:\/\/donpelayopacificbeach.com\/en\/superior-suite\/\"]}]},{\"@type\":\"BreadcrumbList\",\"@id\":\"https:\/\/donpelayopacificbeach.com\/en\/superior-suite\/#breadcrumb\",\"itemListElement\":[{\"@type\":\"ListItem\",\"position\":1,\"name\":\"Portada\",\"item\":\"https:\/\/donpelayopacificbeach.com\/en\/\"},{\"@type\":\"ListItem\",\"position\":2,\"name\":\"Superior Suite\"}]},{\"@type\":\"WebSite\",\"@id\":\"https:\/\/donpelayopacificbeach.com\/en\/#website\",\"url\":\"https:\/\/donpelayopacificbeach.com\/en\/\",\"name\":\"Don Pelayo Pacific Beach English\",\"description\":\"Four-star hotel located beachfront on the famous Mazatl\u00e1n boardwalk, where you can enjoy the freshness of the sea breeze and beautiful panoramic views that will help you relax and forget your daily routine. From your balcony, enjoy your favorite drink and one of the most spectacular sunsets in the world.\",\"potentialAction\":[{\"@type\":\"SearchAction\",\"target\":{\"@type\":\"EntryPoint\",\"urlTemplate\":\"https:\/\/donpelayopacificbeach.com\/en\/?s={search_term_string}\"},\"query-input\":{\"@type\":\"PropertyValueSpecification\",\"valueRequired\":true,\"valueName\":\"search_term_string\"}}],\"inLanguage\":\"en-US\"}]}<\/script>\n<!-- \/ Yoast SEO plugin. -->","yoast_head_json":{"title":"Superior Suite - Don Pelayo Pacific Beach English","robots":{"index":"index","follow":"follow","max-snippet":"max-snippet:-1","max-image-preview":"max-image-preview:large","max-video-preview":"max-video-preview:-1"},"canonical":"https:\/\/donpelayopacificbeach.com\/en\/superior-suite\/","og_locale":"en_US","og_type":"article","og_title":"Superior Suite - Don Pelayo Pacific Beach English","og_url":"https:\/\/donpelayopacificbeach.com\/en\/superior-suite\/","og_site_name":"Don Pelayo Pacific Beach English","article_modified_time":"2026-05-08T18:44:08+00:00","twitter_card":"summary_large_image","schema":{"@context":"https:\/\/schema.org","@graph":[{"@type":"WebPage","@id":"https:\/\/donpelayopacificbeach.com\/en\/superior-suite\/","url":"https:\/\/donpelayopacificbeach.com\/en\/superior-suite\/","name":"Superior Suite - Don Pelayo Pacific Beach English","isPartOf":{"@id":"https:\/\/donpelayopacificbeach.com\/en\/#website"},"datePublished":"2026-03-19T17:56:20+00:00","dateModified":"2026-05-08T18:44:08+00:00","breadcrumb":{"@id":"https:\/\/donpelayopacificbeach.com\/en\/superior-suite\/#breadcrumb"},"inLanguage":"en-US","potentialAction":[{"@type":"ReadAction","target":["https:\/\/donpelayopacificbeach.com\/en\/superior-suite\/"]}]},{"@type":"BreadcrumbList","@id":"https:\/\/donpelayopacificbeach.com\/en\/superior-suite\/#breadcrumb","itemListElement":[{"@type":"ListItem","position":1,"name":"Portada","item":"https:\/\/donpelayopacificbeach.com\/en\/"},{"@type":"ListItem","position":2,"name":"Superior Suite"}]},{"@type":"WebSite","@id":"https:\/\/donpelayopacificbeach.com\/en\/#website","url":"https:\/\/donpelayopacificbeach.com\/en\/","name":"Don Pelayo Pacific Beach English","description":"Four-star hotel located beachfront on the famous Mazatl\u00e1n boardwalk, where you can enjoy the freshness of the sea breeze and beautiful panoramic views that will help you relax and forget your daily routine. From your balcony, enjoy your favorite drink and one of the most spectacular sunsets in the world.","potentialAction":[{"@type":"SearchAction","target":{"@type":"EntryPoint","urlTemplate":"https:\/\/donpelayopacificbeach.com\/en\/?s={search_term_string}"},"query-input":{"@type":"PropertyValueSpecification","valueRequired":true,"valueName":"search_term_string"}}],"inLanguage":"en-US"}]}},"_links":{"self":[{"href":"https:\/\/donpelayopacificbeach.com\/en\/wp-json\/wp\/v2\/pages\/499","targetHints":{"allow":["GET"]}}],"collection":[{"href":"https:\/\/donpelayopacificbeach.com\/en\/wp-json\/wp\/v2\/pages"}],"about":[{"href":"https:\/\/donpelayopacificbeach.com\/en\/wp-json\/wp\/v2\/types\/page"}],"author":[{"embeddable":true,"href":"https:\/\/donpelayopacificbeach.com\/en\/wp-json\/wp\/v2\/users\/1"}],"replies":[{"embeddable":true,"href":"https:\/\/donpelayopacificbeach.com\/en\/wp-json\/wp\/v2\/comments?post=499"}],"version-history":[{"count":12,"href":"https:\/\/donpelayopacificbeach.com\/en\/wp-json\/wp\/v2\/pages\/499\/revisions"}],"predecessor-version":[{"id":997,"href":"https:\/\/donpelayopacificbeach.com\/en\/wp-json\/wp\/v2\/pages\/499\/revisions\/997"}],"wp:attachment":[{"href":"https:\/\/donpelayopacificbeach.com\/en\/wp-json\/wp\/v2\/media?parent=499"}],"curies":[{"name":"wp","href":"https:\/\/api.w.org\/{rel}","templated":true}]}}